{"id":24,"date":"2015-02-22T20:09:44","date_gmt":"2015-02-22T20:09:44","guid":{"rendered":"http:\/\/wp\/enfold-medium-business\/?page_id=24"},"modified":"2023-10-31T08:53:13","modified_gmt":"2023-10-31T11:53:13","slug":"about","status":"publish","type":"page","link":"https:\/\/weteam.today\/pt\/about\/","title":{"rendered":"Sobre Cris Pinciroli"},"content":{"rendered":"<style type=\"text\/css\" data-created_by=\"avia_inline_auto\" id=\"style-css-av-1371w-125f01012369b2c7a489f0dc2c55b072\">\n.avia-section.av-1371w-125f01012369b2c7a489f0dc2c55b072{\nbackground-repeat:no-repeat;\nbackground-image:url(https:\/\/weteam.today\/wp-content\/uploads\/2023\/06\/home_header.jpg);\nbackground-position:50% 50%;\nbackground-attachment:scroll;\nposition:relative;\n}\n.avia-section.av-1371w-125f01012369b2c7a489f0dc2c55b072 .avia-divider-svg-bottom svg{\nheight:50px;\nwidth:calc(100% + 1.3px);\n}\n<\/style>\n<div id='av_section_1'  class='avia-section av-1371w-125f01012369b2c7a489f0dc2c55b072 main_color avia-section-small avia-no-border-styling  avia-builder-el-0  el_before_av_submenu  avia-builder-el-first  avia-full-stretch avia-bg-style-scroll av-minimum-height av-minimum-height-50  container_wrap fullsize'  data-section-bg-repeat='stretch' data-av_minimum_height_pc='50'><div class='avia-divider-svg avia-divider-svg-triangle avia-divider-svg-bottom avia-svg-negative'><svg xmlns=\"http:\/\/www.w3.org\/2000\/svg\" viewbox=\"0 0 1000 100\" preserveaspectratio=\"none\">\n\t<path d=\"M500.2,94.7L0,0v100h1000V0L500.2,94.7z\"\/>\n<\/svg><\/div><div class='container av-section-cont-open' ><main  role=\"main\" itemprop=\"mainContentOfPage\"  class='template-page content  av-content-full alpha units'><div class='post-entry post-entry-type-page post-entry-24'><div class='entry-content-wrapper clearfix'>\n<div class='flex_column_table av-1fkyo-a7dd8a28f0312a03291d8e076d609897 sc-av_one_half av-equal-height-column-flextable'><div class='flex_column av-1fkyo-a7dd8a28f0312a03291d8e076d609897 av_one_half  avia-builder-el-1  el_before_av_one_half  avia-builder-el-first  first flex_column_table_cell av-equal-height-column av-align-middle'   ><style type=\"text\/css\" data-created_by=\"avia_inline_auto\" id=\"style-css-av-lknzddwm-f9c9df99b4b0baf8cdbb3a502d08a3e8\">\n#top .av-special-heading.av-lknzddwm-f9c9df99b4b0baf8cdbb3a502d08a3e8{\npadding-bottom:10px;\ncolor:#ffffff;\n}\nbody .av-special-heading.av-lknzddwm-f9c9df99b4b0baf8cdbb3a502d08a3e8 .av-special-heading-tag .heading-char{\nfont-size:25px;\n}\n.av-special-heading.av-lknzddwm-f9c9df99b4b0baf8cdbb3a502d08a3e8 .special-heading-inner-border{\nborder-color:#ffffff;\n}\n.av-special-heading.av-lknzddwm-f9c9df99b4b0baf8cdbb3a502d08a3e8 .av-subheading{\nfont-size:15px;\n}\n<\/style>\n<div  class='av-special-heading av-lknzddwm-f9c9df99b4b0baf8cdbb3a502d08a3e8 av-special-heading-h1 custom-color-heading  avia-builder-el-2  avia-builder-el-no-sibling'><h1 class='av-special-heading-tag'  itemprop=\"headline\"  >Acredito que o segredo para viver com plenitude \u00e9 identificar seu prop\u00f3sito e sua ess\u00eancia.<\/h1><div class=\"special-heading-border\"><div class=\"special-heading-inner-border\"><\/div><\/div><\/div><\/div><div class='av-flex-placeholder'><\/div><div class='flex_column av-ywks-2758d0274e7e42c10599fda0d555c912 av_one_half  avia-builder-el-3  el_after_av_one_half  avia-builder-el-last  flex_column_table_cell av-equal-height-column av-align-middle'   ><\/div><\/div><!--close column table wrapper. Autoclose: 1 --><\/div><\/div><\/main><!-- close content main element --><\/div><\/div><div class='clear'><\/div><div id='sub_menu1'  class='av-submenu-container av-10a9hc-47462e638277f3da2a576e431a338898 main_color av-switch-768  avia-builder-el-5  el_after_av_section  el_before_av_layout_row  av-sticky-submenu submenu-not-first container_wrap fullsize' style='z-index:301' ><div class='container av-menu-mobile-active av-submenu-pos-center'><a href=\"#\" class=\"mobile_menu_toggle\" aria-hidden='true' data-av_icon='\ue8a5' data-av_iconfont='entypo-fontello'><span class=\"av-current-placeholder\">Menu<\/span><\/a><ul id='av-custom-submenu-1' class='av-subnav-menu'>\n<li class='menu-item av-zjb40-292e4ef2e1c03a858c5a7e9debb9f2f6 menu-item-top-level menu-item-top-level-1'><a href='#top' ><span class='avia-bullet'><\/span><span class='avia-menu-text'>In\u00edcio<\/span><\/a><\/li>\n<li class='menu-item av-3hqbw-d35924f0abf7c4616127ab2e006fe549 menu-item-top-level menu-item-top-level-2'><a href='#who' ><span class='avia-bullet'><\/span><span class='avia-menu-text'>Quem sou eu?<\/span><\/a><\/li>\n<li class='menu-item av-y4cuo-89f1eb28c44d7249c840c77d16e327a8 menu-item-top-level menu-item-top-level-3'><a href='#family' ><span class='avia-bullet'><\/span><span class='avia-menu-text'>Fam\u00edlia<\/span><\/a><\/li>\n<li class='menu-item av-3e05c-64efa522640814c14c62075061cb4217 menu-item-top-level menu-item-top-level-4'><a href='#waterpolo' ><span class='avia-bullet'><\/span><span class='avia-menu-text'>Atleta de Alta Performance<\/span><\/a><\/li>\n<li class='menu-item av-wvvp0-b1e9fceedb0082c5caaa83ab6f67ce8a menu-item-top-level menu-item-top-level-5'><a href='#executive' ><span class='avia-bullet'><\/span><span class='avia-menu-text'>Carreira executiva<\/span><\/a><\/li>\n<\/ul><\/div><\/div><div class='sticky_placeholder'><\/div><\/p>\n<div id='who'  class='av-layout-grid-container av-94in0-a17c27ec1790f13e282a56b136f1cc00 entry-content-wrapper main_color av-flex-cells  avia-builder-el-6  el_after_av_submenu  el_before_av_layout_row  grid-row-not-first  container_wrap fullsize'  >\n\n<style type=\"text\/css\" data-created_by=\"avia_inline_auto\" id=\"style-css-av-8oz2k-ae80400da5969c37ec7365a17c28a55a\">\n.flex_cell.av-8oz2k-ae80400da5969c37ec7365a17c28a55a{\nvertical-align:middle;\npadding:30px 30px 30px 60px;\n}\n<\/style>\n<div class='flex_cell av_one_half av-8oz2k-ae80400da5969c37ec7365a17c28a55a no_margin  avia-builder-el-7  el_before_av_cell_one_half  avia-builder-el-first' ><div class='flex_cell_inner'>\n<style type=\"text\/css\" data-created_by=\"avia_inline_auto\" id=\"style-css-av-813i4-30a041c942b0b6ff719cab8c6dab09e1\">\n.avia-image-container.av-813i4-30a041c942b0b6ff719cab8c6dab09e1 .av-image-caption-overlay-center{\ncolor:#ffffff;\n}\n<\/style>\n<div  class='avia-image-container av-813i4-30a041c942b0b6ff719cab8c6dab09e1 av-styling-circle avia_animated_image avia_animate_when_almost_visible fade-in avia-align-center  avia-builder-el-8  avia-builder-el-no-sibling'  itemprop=\"image\" itemscope=\"itemscope\" itemtype=\"https:\/\/schema.org\/ImageObject\" ><div class=\"avia-image-container-inner\"><div class=\"avia-image-overlay-wrap\"><img fetchpriority=\"high\" decoding=\"async\" class='wp-image-609 avia-img-lazy-loading-not-609 avia_image' src=\"https:\/\/weteam.today\/wp-content\/uploads\/2022\/04\/185342451_229618202261661_346932618421817811_n-768x684.jpg\" alt='WeTeam - Chasing Excellence and Happiness' title='WeTeam - Chasing Excellence and Happiness' height=\"684\"  width=\"768\" itemprop=\"thumbnailUrl\"  srcset=\"https:\/\/weteam.today\/wp-content\/uploads\/2022\/04\/185342451_229618202261661_346932618421817811_n-768x684.jpg 768w, https:\/\/weteam.today\/wp-content\/uploads\/2022\/04\/185342451_229618202261661_346932618421817811_n-12x12.jpg 12w\" sizes=\"(max-width: 768px) 100vw, 768px\" \/><\/div><\/div><\/div>\n<\/div><\/div>\n<style type=\"text\/css\" data-created_by=\"avia_inline_auto\" id=\"style-css-av-7iw6g-87bda5f599e52241c4534471c807a098\">\n.flex_cell.av-7iw6g-87bda5f599e52241c4534471c807a098{\nvertical-align:middle;\npadding:30px 60px 30px 30px;\nbackground-color:#fcfcfc;\n}\n<\/style>\n<div class='flex_cell av_one_half av-7iw6g-87bda5f599e52241c4534471c807a098 no_margin  avia-builder-el-9  el_after_av_cell_one_half  avia-builder-el-last' ><div class='flex_cell_inner'><p>\n<style type=\"text\/css\" data-created_by=\"avia_inline_auto\" id=\"style-css-av-6qtas-f1f120db3e91219e9a27ee3e89ca2f27\">\n#top .hr.hr-invisible.av-6qtas-f1f120db3e91219e9a27ee3e89ca2f27{\nheight:50px;\n}\n<\/style>\n<div  class='hr av-6qtas-f1f120db3e91219e9a27ee3e89ca2f27 hr-invisible  avia-builder-el-10  el_before_av_textblock  avia-builder-el-first'><span class='hr-inner'><span class=\"hr-inner-style\"><\/span><\/span><\/div><br \/>\n<section  class='av_textblock_section av-6fnlo-25980fd7df2a6294db1e12ed1765c533'  itemscope=\"itemscope\" itemtype=\"https:\/\/schema.org\/CreativeWork\" ><div class='avia_textblock'  itemprop=\"text\" ><h2 style=\"text-align: center;\">Ol\u00e1, eu sou a Cris Pinciroli.<\/h2>\n<\/div><\/section><br \/>\n\n<style type=\"text\/css\" data-created_by=\"avia_inline_auto\" id=\"style-css-av-5pwfw-20f935e4aee56a66f072bfe00eacdfdf\">\n#top .av_textblock_section.av-5pwfw-20f935e4aee56a66f072bfe00eacdfdf .avia_textblock{\nfont-size:16px;\n}\n<\/style>\n<section  class='av_textblock_section av-5pwfw-20f935e4aee56a66f072bfe00eacdfdf'  itemscope=\"itemscope\" itemtype=\"https:\/\/schema.org\/CreativeWork\" ><div class='avia_textblock'  itemprop=\"text\" ><p>Durante toda a minha vida, fui apaixonada pela alta performance. Mas como sustentar isso a longo prazo? Como evitar o esgotamento?<\/p>\n<p>J\u00e1 fui jogadora profissional de p\u00f3lo aqu\u00e1tico, executiva financeira, empres\u00e1ria, esposa e m\u00e3e de tr\u00eas filhas.<\/p>\n<p>Tudo o que experimentei na vida, juntamente com o estudo cient\u00edfico da ci\u00eancia da felicidade, me deu o conhecimento b\u00e1sico e a inspira\u00e7\u00e3o para fundar a WeTeam, ajudando equipes a liberar seu potencial e viver uma vida de excel\u00eancia e felicidade.<\/p>\n<\/div><\/section><br \/>\n<div  class='hr av-4yajc-775af23656d7d7967b032a0137e99ad9 hr-default  avia-builder-el-13  el_after_av_textblock  avia-builder-el-last'><span class='hr-inner'><span class=\"hr-inner-style\"><\/span><\/span><\/div><\/p>\n<\/div><\/div>\n<\/div>\n<div id='family'  class='av-layout-grid-container av-56gd4-c7a6e832d3bdee99398a144f4bc54d80 entry-content-wrapper main_color av-flex-cells  avia-builder-el-14  el_after_av_layout_row  el_before_av_layout_row  grid-row-not-first  container_wrap fullsize'  >\n\n<style type=\"text\/css\" data-created_by=\"avia_inline_auto\" id=\"style-css-av-4gol4-90a23b28b139900f9e69a4a15832a959\">\n.flex_cell.av-4gol4-90a23b28b139900f9e69a4a15832a959{\nvertical-align:middle;\npadding:30px 30px 30px 60px;\n}\n<\/style>\n<div class='flex_cell av_one_half av-4gol4-90a23b28b139900f9e69a4a15832a959 no_margin  avia-builder-el-15  el_before_av_cell_one_half  avia-builder-el-first' ><div class='flex_cell_inner'><p>\n<style type=\"text\/css\" data-created_by=\"avia_inline_auto\" id=\"style-css-av-3ziu8-0a35e304777569ed24b68a26a2d0fd2d\">\n#top .hr.hr-invisible.av-3ziu8-0a35e304777569ed24b68a26a2d0fd2d{\nheight:50px;\n}\n<\/style>\n<div  class='hr av-3ziu8-0a35e304777569ed24b68a26a2d0fd2d hr-invisible  avia-builder-el-16  el_before_av_textblock  avia-builder-el-first'><span class='hr-inner'><span class=\"hr-inner-style\"><\/span><\/span><\/div><br \/>\n<section  class='av_textblock_section av-3b6ok-36441b97b67139d9d4e9b8cd507c0f80'  itemscope=\"itemscope\" itemtype=\"https:\/\/schema.org\/CreativeWork\" ><div class='avia_textblock'  itemprop=\"text\" ><h2 style=\"text-align: center;\">Fam\u00edlia<\/h2>\n<\/div><\/section><br \/>\n\n<style type=\"text\/css\" data-created_by=\"avia_inline_auto\" id=\"style-css-av-2ufzc-c3c5c0bac1cca248f064dfe569796ce1\">\n#top .av_textblock_section.av-2ufzc-c3c5c0bac1cca248f064dfe569796ce1 .avia_textblock{\nfont-size:16px;\n}\n<\/style>\n<section  class='av_textblock_section av-2ufzc-c3c5c0bac1cca248f064dfe569796ce1'  itemscope=\"itemscope\" itemtype=\"https:\/\/schema.org\/CreativeWork\" ><div class='avia_textblock'  itemprop=\"text\" ><p>Meu pai, Pedro Pinciroli Junior, \u00e9 ex-jogador de polo aqu\u00e1tico. Ele competiu pela sele\u00e7\u00e3o brasileira nas Olimp\u00edadas de 1964, em T\u00f3quio, e em 1968, na Cidade do M\u00e9xico. Minha m\u00e3e, Olga Pinciroli, teve um papel importante na introdu\u00e7\u00e3o e desenvolvimento do esporte no Brasil e no mundo.<\/p>\n<p>Sou a filha mais velha de tr\u00eas irm\u00e3os. Desde crian\u00e7a, meu pai me incentivou a praticar esportes. Aos 5 anos, nadei al\u00e9m das ondas com ele no Mar do Guaruj\u00e1, no litoral de S\u00e3o Paulo. Aos 7 anos comecei a nadar e aos 16 ingressei na primeira sele\u00e7\u00e3o brasileira feminina de polo aqu\u00e1tico.<\/p>\n<p>Em 1990, minha m\u00e3e tornou-se diretora da Federa\u00e7\u00e3o Brasileira de Polo Aqu\u00e1tico Feminino. Nesse mesmo ano, fui eleita uma das 7 melhores jogadoras do mundo.<\/p>\n<p>Aos 30 anos, me tornei m\u00e3e com o nascimento da minha filha, Alissa, que hoje, em plena forma\u00e7\u00e3o acad\u00e9mica, tamb\u00e9m se dedica ao polo aqu\u00e1tico. Em 2005 nasceu minha segunda filha, Giorgia. Em 2012, foi a vez de Olivia vir ao mundo. A chegada delas me fez repensar decis\u00f5es e fazer mudan\u00e7as em minha vida que hoje resultam no WeTeam.<\/p>\n<\/div><\/section><br \/>\n<div  class='hr av-23hx4-663c94e654332f71eaa44a823639636d hr-default  avia-builder-el-19  el_after_av_textblock  avia-builder-el-last'><span class='hr-inner'><span class=\"hr-inner-style\"><\/span><\/span><\/div><\/p>\n<\/div><\/div>\n<style type=\"text\/css\" data-created_by=\"avia_inline_auto\" id=\"style-css-av-1c1c8-33a83659cfd9ee38a3da840e85db2745\">\n.flex_cell.av-1c1c8-33a83659cfd9ee38a3da840e85db2745{\nvertical-align:middle;\npadding:30px 60px 30px 30px;\nbackground-color:#fcfcfc;\n}\n<\/style>\n<div class='flex_cell av_one_half av-1c1c8-33a83659cfd9ee38a3da840e85db2745 no_margin  avia-builder-el-20  el_after_av_cell_one_half  avia-builder-el-last' ><div class='flex_cell_inner'>\n<style type=\"text\/css\" data-created_by=\"avia_inline_auto\" id=\"style-css-av-oxuw-9a9538fa71f6a31c0b3ce0a18f9e31a1\">\n.avia-image-container.av-oxuw-9a9538fa71f6a31c0b3ce0a18f9e31a1 .av-image-caption-overlay-center{\ncolor:#ffffff;\n}\n<\/style>\n<div  class='avia-image-container av-oxuw-9a9538fa71f6a31c0b3ce0a18f9e31a1 av-styling-circle avia_animated_image avia_animate_when_almost_visible fade-in avia-align-center  avia-builder-el-21  avia-builder-el-no-sibling'  itemprop=\"image\" itemscope=\"itemscope\" itemtype=\"https:\/\/schema.org\/ImageObject\" ><div class=\"avia-image-container-inner\"><div class=\"avia-image-overlay-wrap\"><img decoding=\"async\" class='wp-image-793 avia-img-lazy-loading-not-793 avia_image' src=\"https:\/\/weteam.today\/wp-content\/uploads\/2022\/05\/familia_cris-845x684.jpg\" alt='' title='familia_cris'  height=\"684\" width=\"845\"  itemprop=\"thumbnailUrl\" srcset=\"https:\/\/weteam.today\/wp-content\/uploads\/2022\/05\/familia_cris-845x684.jpg 845w, https:\/\/weteam.today\/wp-content\/uploads\/2022\/05\/familia_cris-16x12.jpg 16w, https:\/\/weteam.today\/wp-content\/uploads\/2022\/05\/familia_cris-495x400.jpg 495w\" sizes=\"(max-width: 845px) 100vw, 845px\" \/><\/div><\/div><\/div>\n<\/div><\/div>\n<\/div>\n<div id='waterpolo'  class='av-layout-grid-container av-l23yvq2s-ff7e9220ccf988caa534c069f0badb45 entry-content-wrapper main_color av-flex-cells  avia-builder-el-22  el_after_av_layout_row  el_before_av_layout_row  grid-row-not-first  container_wrap fullsize'  >\n\n<style type=\"text\/css\" data-created_by=\"avia_inline_auto\" id=\"style-css-av-32w5c-f44634f71766beb67d5504b0a81d8198\">\n.flex_cell.av-32w5c-f44634f71766beb67d5504b0a81d8198{\nvertical-align:middle;\npadding:30px 30px 30px 60px;\n}\n<\/style>\n<div class='flex_cell av_one_half av-32w5c-f44634f71766beb67d5504b0a81d8198 no_margin  avia-builder-el-23  el_before_av_cell_one_half  avia-builder-el-first' ><div class='flex_cell_inner'>\n<style type=\"text\/css\" data-created_by=\"avia_inline_auto\" id=\"style-css-av-l23ytzdw-93ada2d7b16a25a03348043026caec42\">\n.avia-image-container.av-l23ytzdw-93ada2d7b16a25a03348043026caec42 .av-image-caption-overlay-center{\ncolor:#ffffff;\n}\n<\/style>\n<div  class='avia-image-container av-l23ytzdw-93ada2d7b16a25a03348043026caec42 av-styling-circle avia_animated_image avia_animate_when_almost_visible fade-in avia-align-center  avia-builder-el-24  avia-builder-el-no-sibling'  itemprop=\"image\" itemscope=\"itemscope\" itemtype=\"https:\/\/schema.org\/ImageObject\" ><div class=\"avia-image-container-inner\"><div class=\"avia-image-overlay-wrap\"><img decoding=\"async\" class='wp-image-629 avia-img-lazy-loading-not-629 avia_image' src=\"https:\/\/weteam.today\/wp-content\/uploads\/2022\/04\/05-845x684.jpg\" alt='' title='05'  height=\"684\" width=\"845\"  itemprop=\"thumbnailUrl\" srcset=\"https:\/\/weteam.today\/wp-content\/uploads\/2022\/04\/05-845x684.jpg 845w, https:\/\/weteam.today\/wp-content\/uploads\/2022\/04\/05-16x12.jpg 16w, https:\/\/weteam.today\/wp-content\/uploads\/2022\/04\/05-495x400.jpg 495w\" sizes=\"(max-width: 845px) 100vw, 845px\" \/><\/div><\/div><\/div>\n<\/div><\/div>\n<style type=\"text\/css\" data-created_by=\"avia_inline_auto\" id=\"style-css-av-2miso-489893548f2609f30ffe5220c8a2e9f2\">\n.flex_cell.av-2miso-489893548f2609f30ffe5220c8a2e9f2{\nvertical-align:middle;\npadding:30px 60px 30px 30px;\nbackground-color:#fcfcfc;\n}\n<\/style>\n<div class='flex_cell av_one_half av-2miso-489893548f2609f30ffe5220c8a2e9f2 no_margin  avia-builder-el-25  el_after_av_cell_one_half  avia-builder-el-last' ><div class='flex_cell_inner'><p>\n<style type=\"text\/css\" data-created_by=\"avia_inline_auto\" id=\"style-css-av-20x3g-14ff757a2309aeccbb5671d77ddd5998\">\n#top .hr.hr-invisible.av-20x3g-14ff757a2309aeccbb5671d77ddd5998{\nheight:50px;\n}\n<\/style>\n<div  class='hr av-20x3g-14ff757a2309aeccbb5671d77ddd5998 hr-invisible  avia-builder-el-26  el_before_av_textblock  avia-builder-el-first'><span class='hr-inner'><span class=\"hr-inner-style\"><\/span><\/span><\/div><br \/>\n<section  class='av_textblock_section av-l23ygxrt-9141c519c4e82157e398060906b62ce1'  itemscope=\"itemscope\" itemtype=\"https:\/\/schema.org\/CreativeWork\" ><div class='avia_textblock'  itemprop=\"text\" ><h2 style=\"text-align: center;\">Atleta de Alta Performance<\/h2>\n<\/div><\/section><br \/>\n\n<style type=\"text\/css\" data-created_by=\"avia_inline_auto\" id=\"style-css-av-1a4cw-000cb4221f9617535e869417015193ed\">\n#top .av_textblock_section.av-1a4cw-000cb4221f9617535e869417015193ed .avia_textblock{\nfont-size:16px;\n}\n<\/style>\n<section  class='av_textblock_section av-1a4cw-000cb4221f9617535e869417015193ed'  itemscope=\"itemscope\" itemtype=\"https:\/\/schema.org\/CreativeWork\" ><div class='avia_textblock'  itemprop=\"text\" ><p>Eu tinha 15 anos quando finalmente o polo aqu\u00e1tico feminino come\u00e7ou no Brasil. No ano seguinte, ingressei na sele\u00e7\u00e3o brasileira, onde fui capit\u00e3 da equipe por 15 anos. Em 1990, participei do meu primeiro Campeonato Mundial de Nata\u00e7\u00e3o em Perth, na Austr\u00e1lia \u2013 oito dias de intensa competi\u00e7\u00e3o contra as melhores equipes do mundo. Aos 20 anos, estava na final da Copa em Los Angeles. Foi quando recebi o convite para jogar profissionalmente na It\u00e1lia, em um dos grandes times de polo aqu\u00e1tico.<\/p>\n<p>Aos 21 anos, comecei minha carreira como atleta profissional em Roma. Aos 23, recebi uma oferta para jogar no Orizzonte Catania, da Sic\u00edlia. Pela primeira vez na hist\u00f3ria do clube italiano, conquistamos a Ta\u00e7a dos Campe\u00f5es Europeus. Em 1998, participei do meu terceiro Campeonato Mundial em Perth, na Austr\u00e1lia, e fui selecionada para o World Star Team. Aos 27 anos, disputei os Jogos Pan-Americanos de Winnipeg, cidade onde a sele\u00e7\u00e3o do meu pai havia conquistado a medalha de prata para o Brasil 32 anos antes, em 1967.<\/p>\n<\/div><\/section><br \/>\n<div  class='hr av-c4s-71d8c8d899cb1d1ea950fc60ec4fa67c hr-default  avia-builder-el-29  el_after_av_textblock  avia-builder-el-last'><span class='hr-inner'><span class=\"hr-inner-style\"><\/span><\/span><\/div><\/p>\n<\/div><\/div>\n<\/div>\n<div id='executive'  class='av-layout-grid-container av-l23yadw9-0785dcaa3c0e1e487e6e0ec64ea3b70e entry-content-wrapper main_color av-flex-cells  avia-builder-el-30  el_after_av_layout_row  avia-builder-el-last  grid-row-not-first  container_wrap fullsize'  >\n\n<style type=\"text\/css\" data-created_by=\"avia_inline_auto\" id=\"style-css-av-32sd8-1604337e2ab5e8c31e26e4b3129dd404\">\n.flex_cell.av-32sd8-1604337e2ab5e8c31e26e4b3129dd404{\nvertical-align:middle;\npadding:30px 30px 30px 60px;\n}\n<\/style>\n<div class='flex_cell av_one_half av-32sd8-1604337e2ab5e8c31e26e4b3129dd404 no_margin  avia-builder-el-31  el_before_av_cell_one_half  avia-builder-el-first' ><div class='flex_cell_inner'><p>\n<style type=\"text\/css\" data-created_by=\"avia_inline_auto\" id=\"style-css-av-2kbh4-9d35a21f28bfbe0e88050142f2a5b6ce\">\n#top .hr.hr-invisible.av-2kbh4-9d35a21f28bfbe0e88050142f2a5b6ce{\nheight:50px;\n}\n<\/style>\n<div  class='hr av-2kbh4-9d35a21f28bfbe0e88050142f2a5b6ce hr-invisible  avia-builder-el-32  el_before_av_textblock  avia-builder-el-first'><span class='hr-inner'><span class=\"hr-inner-style\"><\/span><\/span><\/div><br \/>\n<section  class='av_textblock_section av-l23y9z9f-8bcc3e494e2ed6de56f6581c09007ee9'  itemscope=\"itemscope\" itemtype=\"https:\/\/schema.org\/CreativeWork\" ><div class='avia_textblock'  itemprop=\"text\" ><h2 style=\"text-align: center;\">Carreira Executiva<\/h2>\n<\/div><\/section><br \/>\n\n<style type=\"text\/css\" data-created_by=\"avia_inline_auto\" id=\"style-css-av-l23y9oyz-7643fb714e04bc043198163a93a9124b\">\n#top .av_textblock_section.av-l23y9oyz-7643fb714e04bc043198163a93a9124b .avia_textblock{\nfont-size:16px;\n}\n<\/style>\n<section  class='av_textblock_section av-l23y9oyz-7643fb714e04bc043198163a93a9124b'  itemscope=\"itemscope\" itemtype=\"https:\/\/schema.org\/CreativeWork\" ><div class='avia_textblock'  itemprop=\"text\" ><p>Em 1996, ap\u00f3s passar uma temporada na Europa, voltei ao Brasil e iniciei minha carreira corporativa no Unibanco, uma das maiores institui\u00e7\u00f5es financeiras do Brasil, ainda jogando pela sele\u00e7\u00e3o brasileira. Trabalhei em Finan\u00e7as com Planejamento Estrat\u00e9gico e em Recursos Humanos com foco em comportamento organizacional e ferramentas de desenvolvimento humano. Fiz meu MBA pela FGV em S\u00e3o Paulo e uma p\u00f3s-gradua\u00e7\u00e3o na Kenan-Flagler School of Business da Universidade da Carolina do Norte.<\/p>\n<p>Em 2005, me tornei Ombudsman, ou representante do cliente, respons\u00e1vel pela equipe de Excel\u00eancia e Qualidade do Ita\u00fa-Unibanco. Mais tarde, trabalhei em vendas. Em 2012, j\u00e1 morando nos Estados Unidos, ingressei na Divis\u00e3o de Private Banking do Ita\u00fa Miami. Posteriormente, tornei-me Diretora Executiva de Recursos Humanos da Divis\u00e3o Private Banking do Ita\u00fa em Miami, Nova York, Bahamas e Chile.<\/p>\n<p>Em 2018, surgiu um novo prop\u00f3sito: a vontade de ajudar a desenvolver a capacidade de cada pessoa para alcan\u00e7ar uma vida equilibrada, realizada, bem sucedida e feliz.<\/p>\n<\/div><\/section><br \/>\n<div  class='avia-button-wrap avia-button-center  avia-builder-el-35  el_after_av_textblock  el_before_av_hr' ><a href='https:\/\/weteam.today\/pt\/weteam\/'  class='avia-button av-lmatv5o0-6632962ece40e4dd0b5e09b2b84cf082 avia-icon_select-no avia-size-large avia-position-center avia-color-theme-color' ><span class='avia_iconbox_title' > Saiba mais sobre o WeTeam<\/span><\/a><\/div><br \/>\n<div  class='hr av-2bnfs-1d28bf3d416b80cf64e6c18487dc380a hr-default  avia-builder-el-36  el_after_av_button  avia-builder-el-last'><span class='hr-inner'><span class=\"hr-inner-style\"><\/span><\/span><\/div><\/p>\n<\/div><\/div>\n<style type=\"text\/css\" data-created_by=\"avia_inline_auto\" id=\"style-css-av-1po8g-c32d13fa826982f1dc8bdb356766a2fb\">\n.flex_cell.av-1po8g-c32d13fa826982f1dc8bdb356766a2fb{\nvertical-align:middle;\npadding:30px 60px 30px 30px;\nbackground-color:#fcfcfc;\n}\n<\/style>\n<div class='flex_cell av_one_half av-1po8g-c32d13fa826982f1dc8bdb356766a2fb no_margin  avia-builder-el-37  el_after_av_cell_one_half  avia-builder-el-last' ><div class='flex_cell_inner'>\n<style type=\"text\/css\" data-created_by=\"avia_inline_auto\" id=\"style-css-av-xdvc-937d0f34341cc47e18de4e6a1970c10c\">\n.avia-image-container.av-xdvc-937d0f34341cc47e18de4e6a1970c10c .av-image-caption-overlay-center{\ncolor:#ffffff;\n}\n<\/style>\n<div  class='avia-image-container av-xdvc-937d0f34341cc47e18de4e6a1970c10c av-styling-circle avia_animated_image avia_animate_when_almost_visible fade-in avia-align-center  avia-builder-el-38  avia-builder-el-no-sibling'  itemprop=\"image\" itemscope=\"itemscope\" itemtype=\"https:\/\/schema.org\/ImageObject\" ><div class=\"avia-image-container-inner\"><div class=\"avia-image-overlay-wrap\"><img loading=\"lazy\" decoding=\"async\" class='wp-image-632 avia-img-lazy-loading-not-632 avia_image' src=\"https:\/\/weteam.today\/wp-content\/uploads\/2022\/04\/06-01-845x684.jpg\" alt='' title='06-01' height=\"684\"  width=\"845\" itemprop=\"thumbnailUrl\"  srcset=\"https:\/\/weteam.today\/wp-content\/uploads\/2022\/04\/06-01-845x684.jpg 845w, https:\/\/weteam.today\/wp-content\/uploads\/2022\/04\/06-01-495x400.jpg 495w\" sizes=\"auto, (max-width: 845px) 100vw, 845px\" \/><\/div><\/div><\/div>\n<\/div><\/div>\n<\/div>","protected":false},"excerpt":{"rendered":"","protected":false},"author":2,"featured_media":0,"parent":0,"menu_order":2,"comment_status":"open","ping_status":"open","template":"","meta":{"footnotes":""},"class_list":["post-24","page","type-page","status-publish","hentry"],"_links":{"self":[{"href":"https:\/\/weteam.today\/pt\/wp-json\/wp\/v2\/pages\/24","targetHints":{"allow":["GET"]}}],"collection":[{"href":"https:\/\/weteam.today\/pt\/wp-json\/wp\/v2\/pages"}],"about":[{"href":"https:\/\/weteam.today\/pt\/wp-json\/wp\/v2\/types\/page"}],"author":[{"embeddable":true,"href":"https:\/\/weteam.today\/pt\/wp-json\/wp\/v2\/users\/2"}],"replies":[{"embeddable":true,"href":"https:\/\/weteam.today\/pt\/wp-json\/wp\/v2\/comments?post=24"}],"version-history":[{"count":81,"href":"https:\/\/weteam.today\/pt\/wp-json\/wp\/v2\/pages\/24\/revisions"}],"predecessor-version":[{"id":2361,"href":"https:\/\/weteam.today\/pt\/wp-json\/wp\/v2\/pages\/24\/revisions\/2361"}],"wp:attachment":[{"href":"https:\/\/weteam.today\/pt\/wp-json\/wp\/v2\/media?parent=24"}],"curies":[{"name":"wp","href":"https:\/\/api.w.org\/{rel}","templated":true}]}}