{"id":2108,"date":"2023-08-03T00:45:32","date_gmt":"2023-08-03T03:45:32","guid":{"rendered":"https:\/\/weteam.today\/?page_id=2108"},"modified":"2023-09-12T19:07:36","modified_gmt":"2023-09-12T22:07:36","slug":"privacy-policy","status":"publish","type":"page","link":"https:\/\/weteam.today\/pt\/privacy-policy\/","title":{"rendered":"Pol\u00edtica de privacidade"},"content":{"rendered":"<h2 class=\"wp-block-heading\">Quem somos<\/h2>\r\n\r\n\r\n\r\n<p>O endere\u00e7o do nosso site \u00e9: https:\/\/weteam.today.<\/p>\r\n\r\n\r\n\r\n<h2 class=\"wp-block-heading\">Coment\u00e1rios<\/h2>\r\n\r\n\r\n\r\n<p>When visitors leave comments on the site we collect the data shown in the comments form, and the visitor&#8217;s IP address and browser details to help spam detection.<\/p>\r\n<p>An anonymized string created from your email (also called a hash) may be sent to Gravatar to see if you use the service. Gravatar&#8217;s privacy policy is available here: https:\/\/automattic.com\/privacy\/. After approval of your comment, your profile photo is publicly visible next to your comment.<\/p>\r\n\r\n\r\n\r\n<h2 class=\"wp-block-heading\">M\u00eddia<\/h2>\r\n\r\n\r\n\r\n<p>Se voc\u00ea envia imagens para o site, evite enviar as que contenham dados de localiza\u00e7\u00e3o incorporados (EXIF GPS). Visitantes podem baixar estas imagens do site e extrair delas seus dados de localiza\u00e7\u00e3o.<\/p>\r\n\r\n\r\n\r\n<h2 class=\"wp-block-heading\">Cookies<\/h2>\r\n\r\n\r\n\r\n<p>Ao deixar um coment\u00e1rio no site, voc\u00ea poder\u00e1 optar por salvar seu nome, e-mail e site nos cookies. Isso visa seu conforto, assim voc\u00ea n\u00e3o precisar\u00e1 preencher seus dados novamente quando fizer outro coment\u00e1rio. Estes cookies duram um ano.<\/p>\r\n<p>Se voc\u00ea tem uma conta e acessa este site, um cookie tempor\u00e1rio ser\u00e1 criado para determinar se seu navegador aceita cookies. Ele n\u00e3o cont\u00e9m nenhum dado pessoal e ser\u00e1 descartado quando voc\u00ea fechar seu navegador.<\/p>\r\n<p>When you access your account on the Website, we also create several cookies to save your account data and your screen display choices. Login cookies are kept for two days and screen options cookies for one year. If you select &#8220;Remember me&#8221;, your access will be maintained for two weeks. If you log out of your account, your login cookies will be removed.<\/p>\r\n<p>Se voc\u00ea editar ou publicar um artigo, um cookie adicional ser\u00e1 salvo no seu navegador. Este cookie n\u00e3o inclui nenhum dado pessoal e simplesmente indica o ID do post referente ao artigo que voc\u00ea acabou de editar. Ele expira depois de 1 dia.<\/p>\r\n\r\n\r\n\r\n<h2 class=\"wp-block-heading\">M\u00eddia incorporada de outros sites<\/h2>\r\n\r\n\r\n\r\n<p>Artigos neste site podem incluir conte\u00fado incorporado como, por exemplo, v\u00eddeos, imagens, artigos, etc. Conte\u00fados incorporados de outros sites se comportam exatamente da mesma forma como se o visitante estivesse visitando o outro site.<\/p>\r\n<p>Estes sites podem coletar dados sobre voc\u00ea, usar cookies, incorporar rastreamento adicional de terceiros e monitorar sua intera\u00e7\u00e3o com este conte\u00fado incorporado, incluindo sua intera\u00e7\u00e3o com o conte\u00fado incorporado se voc\u00ea tem uma conta e est\u00e1 conectado com o site.<\/p>\r\n\r\n\r\n\r\n<h2 class=\"wp-block-heading\">Com quem compartilhamos seus dados<\/h2>\r\n\r\n\r\n\r\n<p>Se voc\u00ea solicitar uma redefini\u00e7\u00e3o de senha, seu endere\u00e7o de IP ser\u00e1 inclu\u00eddo no e-mail de redefini\u00e7\u00e3o de senha.<\/p>\r\n\r\n\r\n\r\n<h2 class=\"wp-block-heading\">Por quanto tempo mantemos os seus dados<\/h2>\r\n\r\n\r\n\r\n<p>Se voc\u00ea deixar um coment\u00e1rio, o coment\u00e1rio e os seus metadados s\u00e3o conservados indefinidamente. Fazemos isso para que seja poss\u00edvel reconhecer e aprovar automaticamente qualquer coment\u00e1rio posterior ao inv\u00e9s de ret\u00ea-lo para modera\u00e7\u00e3o.<\/p>\r\n<p>Para usu\u00e1rios que se registram no nosso site (se houver), tamb\u00e9m guardamos as informa\u00e7\u00f5es pessoais que fornecem no seu perfil de usu\u00e1rio. Todos os usu\u00e1rios podem ver, editar ou excluir suas informa\u00e7\u00f5es pessoais a qualquer momento (s\u00f3 n\u00e3o \u00e9 poss\u00edvel alterar o seu username). Os administradores de sites tamb\u00e9m podem ver e editar estas informa\u00e7\u00f5es.<\/p>\r\n\r\n\r\n\r\n<h2 class=\"wp-block-heading\">Quais os seus direitos sobre seus dados<\/h2>\r\n\r\n\r\n\r\n<p>Se voc\u00ea tiver uma conta neste site ou se tiver deixado coment\u00e1rios, pode solicitar um arquivo exportado dos dados pessoais que mantemos sobre voc\u00ea, inclusive quaisquer dados que nos tenha fornecido. Tamb\u00e9m pode solicitar que removamos qualquer dado pessoal que mantemos sobre voc\u00ea. Isto n\u00e3o inclui nenhuns dados que somos obrigados a manter para prop\u00f3sitos administrativos, legais ou de seguran\u00e7a.<\/p>\r\n\r\n\r\n\r\n<h2 class=\"wp-block-heading\">Para onde seus dados s\u00e3o enviados<\/h2>\r\n\r\n\r\n\r\n<p>Coment\u00e1rios de visitantes podem ser marcados por um servi\u00e7o autom\u00e1tico de detec\u00e7\u00e3o de spam.<\/p>","protected":false},"excerpt":{"rendered":"<p>Who we are Our website address is: https:\/\/weteam.today. Comments When visitors leave comments on the site we collect the data shown in the comments form, and the visitor&#8217;s IP address and browser details to help spam detection. An anonymized string created from your email (also called a hash) may be sent to Gravatar to see [&hellip;]<\/p>\n","protected":false},"author":2,"featured_media":0,"parent":0,"menu_order":7,"comment_status":"closed","ping_status":"closed","template":"","meta":{"footnotes":""},"class_list":["post-2108","page","type-page","status-publish","hentry"],"_links":{"self":[{"href":"https:\/\/weteam.today\/pt\/wp-json\/wp\/v2\/pages\/2108","targetHints":{"allow":["GET"]}}],"collection":[{"href":"https:\/\/weteam.today\/pt\/wp-json\/wp\/v2\/pages"}],"about":[{"href":"https:\/\/weteam.today\/pt\/wp-json\/wp\/v2\/types\/page"}],"author":[{"embeddable":true,"href":"https:\/\/weteam.today\/pt\/wp-json\/wp\/v2\/users\/2"}],"replies":[{"embeddable":true,"href":"https:\/\/weteam.today\/pt\/wp-json\/wp\/v2\/comments?post=2108"}],"version-history":[{"count":4,"href":"https:\/\/weteam.today\/pt\/wp-json\/wp\/v2\/pages\/2108\/revisions"}],"predecessor-version":[{"id":2272,"href":"https:\/\/weteam.today\/pt\/wp-json\/wp\/v2\/pages\/2108\/revisions\/2272"}],"wp:attachment":[{"href":"https:\/\/weteam.today\/pt\/wp-json\/wp\/v2\/media?parent=2108"}],"curies":[{"name":"wp","href":"https:\/\/api.w.org\/{rel}","templated":true}]}}